{"id":72,"date":"2025-04-13T19:02:29","date_gmt":"2025-04-13T19:02:29","guid":{"rendered":"https:\/\/yonderokullari.k12.tr\/bursa\/?page_id=72"},"modified":"2026-02-18T11:14:27","modified_gmt":"2026-02-18T11:14:27","slug":"iletisim","status":"publish","type":"page","link":"https:\/\/yonderokullari.k12.tr\/bursa\/iletisim\/","title":{"rendered":"\u0130leti\u015fim"},"content":{"rendered":"<p>[vc_row full_width=&#8221;stretch_row_content&#8221; css=&#8221;.vc_custom_1744570976090{margin-top: -45px !important;}&#8221;][vc_column][vc_column_text]<iframe loading=\"lazy\" style=\"border: 0;\" src=\"https:\/\/www.google.com\/maps\/embed?pb=!1m18!1m12!1m3!1d3047.83332154773!2d28.940201611649467!3d40.19052266925695!2m3!1f0!2f0!3f0!3m2!1i1024!2i768!4f13.1!3m3!1m2!1s0x14ca1153462bf041%3A0x91c074a5fc069fca!2zWcO2bmRlciBPa3VsbGFyxLE!5e0!3m2!1str!2str!4v1744570920430!5m2!1str!2str\" width=\"1920\" height=\"450\" allowfullscreen=\"allowfullscreen\"><\/iframe>[\/vc_column_text][\/vc_column][\/vc_row][vc_row][vc_column width=&#8221;1\/2&#8243;][vc_text_separator title=&#8221;ADRES&#8221; title_align=&#8221;separator_align_left&#8221; color=&#8221;custom&#8221; accent_color=&#8221;#003578&#8243;]<div class=\"uavc-list-icon uavc-list-icon-wrapper ult-adjust-bottom-margin   \"><ul class=\"uavc-list\"><li><div class=\"uavc-list-content\" id=\"list-icon-wrap-6007\">\n<div class=\"uavc-list-icon  \" data-animation=\"\" data-animation-delay=\"03\" style=\"margin-right:5px;\"><div class=\"ult-just-icon-wrapper  \"><div class=\"align-icon\" style=\"text-align:center;\">\n<div class=\"aio-icon none \"  style=\"color:#6c2d45;font-size:22px;display:inline-block;\">\n\t<i class=\"icomoon-the7-font-the7-map-02\"><\/i>\n<\/div><\/div><\/div>\n<\/div><span  data-ultimate-target='#list-icon-wrap-6007 .uavc-list-desc'  data-responsive-json-new='{\"font-size\":\"\",\"line-height\":\"\"}'  class=\"uavc-list-desc ult-responsive\" style=\"\">Demirci Mahallesi Kavakl\u0131dere Cadde No:15A,<br \/>\nNil\u00fcfer \/ Bursa<\/span><\/div><\/li><li><div class=\"uavc-list-content\" id=\"list-icon-wrap-3516\">\n<div class=\"uavc-list-icon  \" data-animation=\"\" data-animation-delay=\"03\" style=\"margin-right:5px;\"><div class=\"ult-just-icon-wrapper  \"><div class=\"align-icon\" style=\"text-align:center;\">\n<div class=\"aio-icon none \"  style=\"color:#6c2d45;font-size:22px;display:inline-block;\">\n\t<i class=\"icomoon-the7-font-the7-phone-05\"><\/i>\n<\/div><\/div><\/div>\n<\/div><span  data-ultimate-target='#list-icon-wrap-3516 .uavc-list-desc'  data-responsive-json-new='{\"font-size\":\"\",\"line-height\":\"\"}'  class=\"uavc-list-desc ult-responsive\" style=\"\"><a class=\"baslik\" href=\"tel:+902244410707\">+90 (224) 441 07 07<\/a><\/span><\/div><\/li><li><div class=\"uavc-list-content\" id=\"list-icon-wrap-7142\">\n<div class=\"uavc-list-icon  \" data-animation=\"\" data-animation-delay=\"03\" style=\"margin-right:5px;\"><div class=\"ult-just-icon-wrapper  \"><div class=\"align-icon\" style=\"text-align:center;\">\n<div class=\"aio-icon none \"  style=\"color:#6c2d45;font-size:22px;display:inline-block;\">\n\t<i class=\"icomoon-the7-font-the7-mw-mail-04\"><\/i>\n<\/div><\/div><\/div>\n<\/div><span  data-ultimate-target='#list-icon-wrap-7142 .uavc-list-desc'  data-responsive-json-new='{\"font-size\":\"\",\"line-height\":\"\"}'  class=\"uavc-list-desc ult-responsive\" style=\"\"><a href=\"mailto:halklailiskiler@yonderokullari.k12.tr\">halklailiskiler@yonderokullari.k12.tr<\/a><\/span><\/div><\/li><\/ul><\/div>[\/vc_column][vc_column width=&#8221;1\/2&#8243;][vc_text_separator title=&#8221;\u0130LET\u0130\u015e\u0130M FORMU&#8221; title_align=&#8221;separator_align_left&#8221; color=&#8221;custom&#8221; accent_color=&#8221;#003578&#8243;]\n<div class=\"wpcf7 no-js\" id=\"wpcf7-f5-o1\" lang=\"tr-TR\" dir=\"ltr\" data-wpcf7-id=\"5\">\n<div class=\"screen-reader-response\"><p role=\"status\" aria-live=\"polite\" aria-atomic=\"true\"><\/p> <ul><\/ul><\/div>\n<form action=\"\/bursa\/wp-json\/wp\/v2\/pages\/72#wpcf7-f5-o1\" method=\"post\" class=\"wpcf7-form init\" aria-label=\"\u0130leti\u015fim Formu\" novalidate=\"novalidate\" data-status=\"init\">\n<div style=\"display: none;\">\n<input type=\"hidden\" name=\"_wpcf7\" value=\"5\" \/>\n<input type=\"hidden\" name=\"_wpcf7_version\" value=\"6.0.6\" \/>\n<input type=\"hidden\" name=\"_wpcf7_locale\" value=\"tr_TR\" \/>\n<input type=\"hidden\" name=\"_wpcf7_unit_tag\" value=\"wpcf7-f5-o1\" \/>\n<input type=\"hidden\" name=\"_wpcf7_container_post\" value=\"0\" \/>\n<input type=\"hidden\" name=\"_wpcf7_posted_data_hash\" value=\"\" \/>\n<\/div>\n<p><label> Ad\u0131n\u0131z<br \/>\n<span class=\"wpcf7-form-control-wrap\" data-name=\"your-name\"><input size=\"40\" maxlength=\"400\" class=\"wpcf7-form-control wpcf7-text wpcf7-validates-as-required\" autocomplete=\"name\" aria-required=\"true\" aria-invalid=\"false\" value=\"\" type=\"text\" name=\"your-name\" \/><\/span> <\/label>\n<\/p>\n<p><label> Email<br \/>\n<span class=\"wpcf7-form-control-wrap\" data-name=\"your-email\"><input size=\"40\" maxlength=\"400\" class=\"wpcf7-form-control wpcf7-email wpcf7-validates-as-required wpcf7-text wpcf7-validates-as-email\" autocomplete=\"email\" aria-required=\"true\" aria-invalid=\"false\" value=\"\" type=\"email\" name=\"your-email\" \/><\/span> <\/label>\n<\/p>\n<p><label> Konu<br \/>\n<span class=\"wpcf7-form-control-wrap\" data-name=\"your-subject\"><input size=\"40\" maxlength=\"400\" class=\"wpcf7-form-control wpcf7-text wpcf7-validates-as-required\" aria-required=\"true\" aria-invalid=\"false\" value=\"\" type=\"text\" name=\"your-subject\" \/><\/span> <\/label>\n<\/p>\n<p><label> Mesaj\u0131n\u0131z<br \/>\n<span class=\"wpcf7-form-control-wrap\" data-name=\"your-message\"><textarea cols=\"40\" rows=\"10\" maxlength=\"2000\" class=\"wpcf7-form-control wpcf7-textarea\" aria-invalid=\"false\" name=\"your-message\"><\/textarea><\/span> <\/label>\n<\/p>\n<p><input class=\"wpcf7-form-control wpcf7-submit has-spinner\" type=\"submit\" value=\"Submit\" \/>\n<\/p><div class=\"wpcf7-response-output\" aria-hidden=\"true\"><\/div>\n<\/form>\n<\/div>\n[\/vc_column][\/vc_row]<\/p>\n","protected":false},"excerpt":{"rendered":"<p>[vc_row full_width=&#8221;stretch_row_content&#8221; css=&#8221;.vc_custom_1744570976090{margin-top: -45px !important;}&#8221;][vc_column][vc_column_text][\/vc_column_text][\/vc_column][\/vc_row][vc_row][vc_column width=&#8221;1\/2&#8243;][vc_text_separator title=&#8221;ADRES&#8221; title_align=&#8221;separator_align_left&#8221; color=&#8221;custom&#8221; accent_color=&#8221;#003578&#8243;][\/vc_column][vc_column width=&#8221;1\/2&#8243;][vc_text_separator title=&#8221;\u0130LET\u0130\u015e\u0130M FORMU&#8221; title_align=&#8221;separator_align_left&#8221; color=&#8221;custom&#8221; accent_color=&#8221;#003578&#8243;][\/vc_column][\/vc_row]<\/p>\n","protected":false},"author":1,"featured_media":17,"parent":0,"menu_order":0,"comment_status":"closed","ping_status":"closed","template":"template-microsite.php","meta":{"footnotes":""},"class_list":["post-72","page","type-page","status-publish","has-post-thumbnail","hentry","description-off"],"aioseo_notices":[],"_links":{"self":[{"href":"https:\/\/yonderokullari.k12.tr\/bursa\/wp-json\/wp\/v2\/pages\/72","targetHints":{"allow":["GET"]}}],"collection":[{"href":"https:\/\/yonderokullari.k12.tr\/bursa\/wp-json\/wp\/v2\/pages"}],"about":[{"href":"https:\/\/yonderokullari.k12.tr\/bursa\/wp-json\/wp\/v2\/types\/page"}],"author":[{"embeddable":true,"href":"https:\/\/yonderokullari.k12.tr\/bursa\/wp-json\/wp\/v2\/users\/1"}],"replies":[{"embeddable":true,"href":"https:\/\/yonderokullari.k12.tr\/bursa\/wp-json\/wp\/v2\/comments?post=72"}],"version-history":[{"count":16,"href":"https:\/\/yonderokullari.k12.tr\/bursa\/wp-json\/wp\/v2\/pages\/72\/revisions"}],"predecessor-version":[{"id":135,"href":"https:\/\/yonderokullari.k12.tr\/bursa\/wp-json\/wp\/v2\/pages\/72\/revisions\/135"}],"wp:featuredmedia":[{"embeddable":true,"href":"https:\/\/yonderokullari.k12.tr\/bursa\/wp-json\/wp\/v2\/media\/17"}],"wp:attachment":[{"href":"https:\/\/yonderokullari.k12.tr\/bursa\/wp-json\/wp\/v2\/media?parent=72"}],"curies":[{"name":"wp","href":"https:\/\/api.w.org\/{rel}","templated":true}]}}